{"id":45,"date":"2015-04-13T07:34:44","date_gmt":"2015-04-13T07:34:44","guid":{"rendered":"http:\/\/www.kultura-zwierzyniec.pl\/?page_id=45"},"modified":"2019-05-24T13:17:36","modified_gmt":"2019-05-24T13:17:36","slug":"kontakt","status":"publish","type":"page","link":"https:\/\/kultura-zwierzyniec.pl\/starastrona\/kontakt\/","title":{"rendered":"Kontakt"},"content":{"rendered":"<p><center><iframe loading=\"lazy\" style=\"border: 0;\" src=\"https:\/\/www.google.com\/maps\/embed?pb=!1m0!3m2!1spl!2spl!4v1431435931449!6m8!1m7!1sehdPn6M4QsqPWVSWw2cErg!2m2!1d50.614598!2d22.965487!3f354.8938709215598!4f0.0668670150320736!5f1.0040368967339512\" width=\"650\" height=\"450\" frameborder=\"0\"><\/iframe><\/center><\/p>\n<p style=\"text-align: center;\"><strong>Centrum Kultury i Biblioteka Publiczna w Zwierzy\u0144cu<br \/>\n<\/strong>ul. S\u0142owackiego 2<br \/>\n22-470 Zwierzyniec<\/p>\n<p style=\"text-align: center;\"><strong>E-mail: <\/strong>biuro@kultura-zwierzyniec.pl<br \/>\nzokir@o2.pl<\/p>\n<p style=\"text-align: center;\"><strong>Telefon: <\/strong>84-687-26-60<\/p>\n<p style=\"text-align: center;\"><strong>NIP:<\/strong> 922-30-48-480<br \/>\n<strong>REGON:<\/strong> 061626730<\/p>\n<p align=\"justify\"><span style=\"font-family: 'Times New Roman', serif;\"><span style=\"font-size: small;\">W sprawach z zakresu ochrony danych osobowych mog\u0105 Pa\u0144stwo kontaktowa\u0107 si\u0119 z Inspektorem Ochrony Danych pod adresem<br \/>\ne-mail: <a href=\"mailto:inspektor@cbi24.pl\">inspektor@cbi24.pl<\/a><\/span><\/span><\/p>\n","protected":false},"excerpt":{"rendered":"<p>Centrum Kultury i Biblioteka Publiczna w Zwierzy\u0144cu ul. S\u0142owackiego 2 22-470 Zwierzyniec E-mail: biuro@kultura-zwierzyniec.pl zokir@o2.pl Telefon: 84-687-26-60 NIP: 922-30-48-480 REGON: 061626730 W sprawach z zakresu ochrony danych osobowych mog\u0105 Pa\u0144stwo kontaktowa\u0107 si\u0119 z Inspektorem Ochrony Danych pod adresem e-mail: inspektor@cbi24.pl<\/p>\n","protected":false},"author":3,"featured_media":0,"parent":0,"menu_order":0,"comment_status":"open","ping_status":"open","template":"","meta":[],"_links":{"self":[{"href":"https:\/\/kultura-zwierzyniec.pl\/starastrona\/wp-json\/wp\/v2\/pages\/45"}],"collection":[{"href":"https:\/\/kultura-zwierzyniec.pl\/starastrona\/wp-json\/wp\/v2\/pages"}],"about":[{"href":"https:\/\/kultura-zwierzyniec.pl\/starastrona\/wp-json\/wp\/v2\/types\/page"}],"author":[{"embeddable":true,"href":"https:\/\/kultura-zwierzyniec.pl\/starastrona\/wp-json\/wp\/v2\/users\/3"}],"replies":[{"embeddable":true,"href":"https:\/\/kultura-zwierzyniec.pl\/starastrona\/wp-json\/wp\/v2\/comments?post=45"}],"version-history":[{"count":12,"href":"https:\/\/kultura-zwierzyniec.pl\/starastrona\/wp-json\/wp\/v2\/pages\/45\/revisions"}],"predecessor-version":[{"id":2608,"href":"https:\/\/kultura-zwierzyniec.pl\/starastrona\/wp-json\/wp\/v2\/pages\/45\/revisions\/2608"}],"wp:attachment":[{"href":"https:\/\/kultura-zwierzyniec.pl\/starastrona\/wp-json\/wp\/v2\/media?parent=45"}],"curies":[{"name":"wp","href":"https:\/\/api.w.org\/{rel}","templated":true}]}}